{"id":2296,"date":"2021-04-08T13:18:32","date_gmt":"2021-04-08T17:18:32","guid":{"rendered":"https:\/\/visitnorthernnh.com\/fr\/?page_id=2296"},"modified":"2023-03-07T21:24:28","modified_gmt":"2023-03-08T01:24:28","slug":"a-propos-de-nous","status":"publish","type":"page","link":"https:\/\/visitnorthernnh.com\/fr\/a-propos-de-nous\/","title":{"rendered":"A propos de nous"},"content":{"rendered":"<p>Visit Northern NH est une initiative communautaire d\u00e9velopp\u00e9e gr\u00e2ce au soutien g\u00e9n\u00e9reux du Fonds Neil et Louise Tillotson. Notre mission est d&#8217;aider \u00e0 promouvoir et \u00e0 soutenir l&#8217;industrie des loisirs de plein air dans l&#8217;une des plus belles r\u00e9gions naturelles que notre pays ait \u00e0 offrir, le nord du New Hampshire. Nous nous sentons tr\u00e8s chanceux. En plus d&#8217;assurer la mise \u00e0 jour de ce site Web, nous produisons et distribuons des centaines de milliers de cartes du milieu physique dans des centaines d&#8217;endroits \u00e0 l&#8217;int\u00e9rieur et \u00e0 l&#8217;ext\u00e9rieur du Nord du New Hampshire afin d&#8217;aider nos clients \u00e0 se retrouver et \u00e0 circuler facilement dans notre r\u00e9gion et, esp\u00e9rons-le, \u00e0 leur offrir la meilleure exp\u00e9rience possible.<\/p>\n","protected":false},"excerpt":{"rendered":"<p>Visit Northern NH est une initiative communautaire d\u00e9velopp\u00e9e gr\u00e2ce au soutien g\u00e9n\u00e9reux du Fonds Neil et Louise Tillotson. Notre mission est d&#8217;aider \u00e0 promouvoir et \u00e0 soutenir l&#8217;industrie des loisirs de plein air dans l&#8217;une des plus belles r\u00e9gions naturelles que notre pays ait \u00e0 offrir, le nord du New Hampshire. Nous nous sentons tr\u00e8s [&hellip;]<\/p>\n","protected":false},"author":8,"featured_media":2380,"parent":0,"menu_order":0,"comment_status":"closed","ping_status":"closed","template":"template-discounts.php","meta":{"_mi_skip_tracking":false},"acf":[],"yoast_head":"<!-- This site is optimized with the Yoast SEO Premium plugin v19.0.1 (Yoast SEO v20.10) - https:\/\/yoast.com\/wordpress\/plugins\/seo\/ -->\n<title>A propos de nous - Visitez le nord du NH<\/title>\n<meta name=\"robots\" content=\"index, follow, max-snippet:-1, max-image-preview:large, max-video-preview:-1\" \/>\n<link rel=\"canonical\" href=\"https:\/\/visitnorthernnh.com\/fr\/a-propos-de-nous\/\" \/>\n<meta property=\"og:locale\" content=\"en_US\" \/>\n<meta property=\"og:type\" content=\"article\" \/>\n<meta property=\"og:title\" content=\"A propos de nous\" \/>\n<meta property=\"og:description\" content=\"Visit Northern NH est une initiative communautaire d\u00e9velopp\u00e9e gr\u00e2ce au soutien g\u00e9n\u00e9reux du Fonds Neil et Louise Tillotson. Notre mission est d&#8217;aider \u00e0 promouvoir et \u00e0 soutenir l&#8217;industrie des loisirs de plein air dans l&#8217;une des plus belles r\u00e9gions naturelles que notre pays ait \u00e0 offrir, le nord du New Hampshire. Nous nous sentons tr\u00e8s [&hellip;]\" \/>\n<meta property=\"og:url\" content=\"https:\/\/visitnorthernnh.com\/fr\/a-propos-de-nous\/\" \/>\n<meta property=\"og:site_name\" content=\"Visitez le nord du NH\" \/>\n<meta property=\"article:publisher\" content=\"https:\/\/www.facebook.com\/visitnorthernnh\" \/>\n<meta property=\"article:modified_time\" content=\"2023-03-08T01:24:28+00:00\" \/>\n<meta property=\"og:image\" content=\"https:\/\/visitnorthernnh.com\/fr\/wp-content\/uploads\/2021\/05\/Screen-Shot-2021-05-04-at-3.41.23-PM.jpg\" \/>\n\t<meta property=\"og:image:width\" content=\"1408\" \/>\n\t<meta property=\"og:image:height\" content=\"2266\" \/>\n\t<meta property=\"og:image:type\" content=\"image\/jpeg\" \/>\n<meta name=\"twitter:label1\" content=\"Est. reading time\" \/>\n\t<meta name=\"twitter:data1\" content=\"1 minute\" \/>\n<script type=\"application\/ld+json\" class=\"yoast-schema-graph\">{\"@context\":\"https:\/\/schema.org\",\"@graph\":[{\"@type\":\"WebPage\",\"@id\":\"https:\/\/visitnorthernnh.com\/fr\/a-propos-de-nous\/\",\"url\":\"https:\/\/visitnorthernnh.com\/fr\/a-propos-de-nous\/\",\"name\":\"A propos de nous - Visitez le nord du NH\",\"isPartOf\":{\"@id\":\"https:\/\/visitnorthernnh.com\/fr\/#website\"},\"datePublished\":\"2021-04-08T17:18:32+00:00\",\"dateModified\":\"2023-03-08T01:24:28+00:00\",\"breadcrumb\":{\"@id\":\"https:\/\/visitnorthernnh.com\/fr\/a-propos-de-nous\/#breadcrumb\"},\"inLanguage\":\"en-US\",\"potentialAction\":[{\"@type\":\"ReadAction\",\"target\":[\"https:\/\/visitnorthernnh.com\/fr\/a-propos-de-nous\/\"]}]},{\"@type\":\"BreadcrumbList\",\"@id\":\"https:\/\/visitnorthernnh.com\/fr\/a-propos-de-nous\/#breadcrumb\",\"itemListElement\":[{\"@type\":\"ListItem\",\"position\":1,\"name\":\"Home\",\"item\":\"https:\/\/visitnorthernnh.com\/fr\/\"},{\"@type\":\"ListItem\",\"position\":2,\"name\":\"A propos de nous\"}]},{\"@type\":\"WebSite\",\"@id\":\"https:\/\/visitnorthernnh.com\/fr\/#website\",\"url\":\"https:\/\/visitnorthernnh.com\/fr\/\",\"name\":\"Visitez le nord du NH\",\"description\":\"Visitez le nord du New Hampshire\",\"potentialAction\":[{\"@type\":\"SearchAction\",\"target\":{\"@type\":\"EntryPoint\",\"urlTemplate\":\"https:\/\/visitnorthernnh.com\/fr\/?s={search_term_string}\"},\"query-input\":\"required name=search_term_string\"}],\"inLanguage\":\"en-US\"}]}<\/script>\n<!-- \/ Yoast SEO Premium plugin. -->","yoast_head_json":{"title":"A propos de nous - Visitez le nord du NH","robots":{"index":"index","follow":"follow","max-snippet":"max-snippet:-1","max-image-preview":"max-image-preview:large","max-video-preview":"max-video-preview:-1"},"canonical":"https:\/\/visitnorthernnh.com\/fr\/a-propos-de-nous\/","og_locale":"en_US","og_type":"article","og_title":"A propos de nous","og_description":"Visit Northern NH est une initiative communautaire d\u00e9velopp\u00e9e gr\u00e2ce au soutien g\u00e9n\u00e9reux du Fonds Neil et Louise Tillotson. Notre mission est d&#8217;aider \u00e0 promouvoir et \u00e0 soutenir l&#8217;industrie des loisirs de plein air dans l&#8217;une des plus belles r\u00e9gions naturelles que notre pays ait \u00e0 offrir, le nord du New Hampshire. Nous nous sentons tr\u00e8s [&hellip;]","og_url":"https:\/\/visitnorthernnh.com\/fr\/a-propos-de-nous\/","og_site_name":"Visitez le nord du NH","article_publisher":"https:\/\/www.facebook.com\/visitnorthernnh","article_modified_time":"2023-03-08T01:24:28+00:00","og_image":[{"width":1408,"height":2266,"url":"https:\/\/visitnorthernnh.com\/fr\/wp-content\/uploads\/2021\/05\/Screen-Shot-2021-05-04-at-3.41.23-PM.jpg","type":"image\/jpeg"}],"twitter_misc":{"Est. reading time":"1 minute"},"schema":{"@context":"https:\/\/schema.org","@graph":[{"@type":"WebPage","@id":"https:\/\/visitnorthernnh.com\/fr\/a-propos-de-nous\/","url":"https:\/\/visitnorthernnh.com\/fr\/a-propos-de-nous\/","name":"A propos de nous - Visitez le nord du NH","isPartOf":{"@id":"https:\/\/visitnorthernnh.com\/fr\/#website"},"datePublished":"2021-04-08T17:18:32+00:00","dateModified":"2023-03-08T01:24:28+00:00","breadcrumb":{"@id":"https:\/\/visitnorthernnh.com\/fr\/a-propos-de-nous\/#breadcrumb"},"inLanguage":"en-US","potentialAction":[{"@type":"ReadAction","target":["https:\/\/visitnorthernnh.com\/fr\/a-propos-de-nous\/"]}]},{"@type":"BreadcrumbList","@id":"https:\/\/visitnorthernnh.com\/fr\/a-propos-de-nous\/#breadcrumb","itemListElement":[{"@type":"ListItem","position":1,"name":"Home","item":"https:\/\/visitnorthernnh.com\/fr\/"},{"@type":"ListItem","position":2,"name":"A propos de nous"}]},{"@type":"WebSite","@id":"https:\/\/visitnorthernnh.com\/fr\/#website","url":"https:\/\/visitnorthernnh.com\/fr\/","name":"Visitez le nord du NH","description":"Visitez le nord du New Hampshire","potentialAction":[{"@type":"SearchAction","target":{"@type":"EntryPoint","urlTemplate":"https:\/\/visitnorthernnh.com\/fr\/?s={search_term_string}"},"query-input":"required name=search_term_string"}],"inLanguage":"en-US"}]}},"_links":{"self":[{"href":"https:\/\/visitnorthernnh.com\/fr\/wp-json\/wp\/v2\/pages\/2296"}],"collection":[{"href":"https:\/\/visitnorthernnh.com\/fr\/wp-json\/wp\/v2\/pages"}],"about":[{"href":"https:\/\/visitnorthernnh.com\/fr\/wp-json\/wp\/v2\/types\/page"}],"author":[{"embeddable":true,"href":"https:\/\/visitnorthernnh.com\/fr\/wp-json\/wp\/v2\/users\/8"}],"replies":[{"embeddable":true,"href":"https:\/\/visitnorthernnh.com\/fr\/wp-json\/wp\/v2\/comments?post=2296"}],"version-history":[{"count":3,"href":"https:\/\/visitnorthernnh.com\/fr\/wp-json\/wp\/v2\/pages\/2296\/revisions"}],"predecessor-version":[{"id":3502,"href":"https:\/\/visitnorthernnh.com\/fr\/wp-json\/wp\/v2\/pages\/2296\/revisions\/3502"}],"wp:featuredmedia":[{"embeddable":true,"href":"https:\/\/visitnorthernnh.com\/fr\/wp-json\/wp\/v2\/media\/2380"}],"wp:attachment":[{"href":"https:\/\/visitnorthernnh.com\/fr\/wp-json\/wp\/v2\/media?parent=2296"}],"curies":[{"name":"wp","href":"https:\/\/api.w.org\/{rel}","templated":true}]}}